{"id":541,"date":"2026-03-18T14:59:33","date_gmt":"2026-03-18T13:59:33","guid":{"rendered":"https:\/\/lourdesunnouveausouffle.fr\/?page_id=541"},"modified":"2026-03-18T15:12:42","modified_gmt":"2026-03-18T14:12:42","slug":"page-de-maintenance","status":"publish","type":"page","link":"https:\/\/lourdesunnouveausouffle.fr\/","title":{"rendered":"Page de maintenance"},"content":{"rendered":"\n<div class=\"wp-block-columns is-layout-flex wp-container-core-columns-is-layout-28f84493 wp-block-columns-is-layout-flex\">\n<div class=\"wp-block-column is-layout-flow wp-block-column-is-layout-flow\"><\/div>\n\n\n\n<div class=\"wp-block-column is-layout-flow wp-block-column-is-layout-flow\">\n<figure class=\"wp-block-image aligncenter size-full is-resized\"><img fetchpriority=\"high\" width=\"741\" height=\"808\"  alt=\"\" class=\"wp-image-22 lws-optimize-lazyload\" style=\"aspect-ratio:0.9170820603526827;width:84px;height:auto\"\/ data-src=\"https:\/\/lourdesunnouveausouffle.fr\/wp-content\/uploads\/2025\/11\/Logo-PNG.png\" srcset=\"https:\/\/lourdesunnouveausouffle.fr\/wp-content\/uploads\/2025\/11\/Logo-PNG.png 741w, https:\/\/lourdesunnouveausouffle.fr\/wp-content\/uploads\/2025\/11\/Logo-PNG-275x300.png 275w\" sizes=\"(max-width: 741px) 100vw, 741px\" \/><\/figure>\n<\/div>\n\n\n\n<div class=\"wp-block-column is-layout-flow wp-block-column-is-layout-flow\"><\/div>\n<\/div>\n\n\n\n<div id=\"wp-block-themeisle-blocks-advanced-columns-0d617423\" class=\"wp-block-themeisle-blocks-advanced-columns alignfull has-1-columns has-desktop-equal-layout has-tablet-equal-layout has-mobile-equal-layout has-vertical-center has-light-bg\"><div class=\"wp-block-themeisle-blocks-advanced-columns-overlay\"><\/div><div class=\"innerblocks-wrap\">\n<div id=\"wp-block-themeisle-blocks-advanced-column-5476aa8e\" class=\"wp-block-themeisle-blocks-advanced-column\">\n<p>Merci. Et maintenant, au travail.<\/p>\n<p>Vous \u00eates 1 771 Lourdaises et Lourdais \u00e0 nous avoir fait confiance.<br>1 771 \u00e0 avoir pris le temps d\u2019\u00e9couter, de comprendre notre d\u00e9marche et de partager notre vision pour Lourdes.<br>\u00c0 chacune et chacun d\u2019entre vous : merci sinc\u00e8rement. Votre soutien compte. Il nous oblige.<br>Mais ce r\u00e9sultat appelle aussi une r\u00e9flexion plus large.<\/p>\n<p>Sur 9 440 inscrits, 3 645 personnes ne se sont pas d\u00e9plac\u00e9es.<br>Et au total, plus de 5 800 Lourdais n\u2019ont pas vot\u00e9 pour le maire \u00e9lu.<\/p>\n<p>Ce chiffre est essentiel.<\/p>\n<p>Il montre qu\u2019une grande partie de la population ne se reconna\u00eet pas dans la situation actuelle, ou ne croit plus suffisamment en la vie publique pour se d\u00e9placer.C\u2019est un signal fort. Et nous l\u2019entendons.<br>Malgr\u00e9 la d\u00e9faite, notre engagement reste intact.<\/p>\n<p>Nos \u00e9lus seront peu nombreux, mais pleinement mobilis\u00e9s.<\/p>\n<p>Nous serons l\u00e0 pour :<br>\u2022 poser les questions qui d\u00e9rangent<br>\u2022 demander des explications quand il le faut<br>\u2022 d\u00e9noncer ce qui doit l\u2019\u00eatre<br>Mais aussi, et c\u2019est important, nous serons une opposition constructive.<\/p>\n<p>Quand un projet sera bon pour Lourdes, nous le dirons.Quand il faudra am\u00e9liorer, nous proposerons.<\/p>\n<p>Parce que ce n\u2019est pas le nombre d\u2019\u00e9lus qui fait la force d\u2019un engagement, c\u2019est la d\u00e9termination \u00e0 d\u00e9fendre l\u2019int\u00e9r\u00eat g\u00e9n\u00e9ral.<\/p>\n<p>Nous ne vous oublierons pas. Et nous continuerons \u00e0 porter votre voix.<\/p>\n<p>G\u00e9rald Capel et son \u00e9quipe<\/p>\n<\/div>\n<\/div><\/div>\n","protected":false},"excerpt":{"rendered":"","protected":false},"author":1,"featured_media":0,"parent":0,"menu_order":0,"comment_status":"closed","ping_status":"closed","template":"templates\/wpmm-page-template.php","meta":{"pagelayer_contact_templates":[],"_pagelayer_content":"","ngg_post_thumbnail":0,"_themeisle_gutenberg_block_has_review":false,"footnotes":""},"class_list":["post-541","page","type-page","status-publish","hentry"],"yoast_head":"<!-- This site is optimized with the Yoast SEO plugin v27.4 - https:\/\/yoast.com\/product\/yoast-seo-wordpress\/ -->\n<title>Page de maintenance - Lourdes un nouveau souffle<\/title>\n<meta name=\"robots\" content=\"index, follow, max-snippet:-1, max-image-preview:large, max-video-preview:-1\" \/>\n<link rel=\"canonical\" href=\"https:\/\/lourdesunnouveausouffle.fr\/?page_id=541\" \/>\n<meta property=\"og:locale\" content=\"fr_FR\" \/>\n<meta property=\"og:type\" content=\"article\" \/>\n<meta property=\"og:title\" content=\"Page de maintenance - Lourdes un nouveau souffle\" \/>\n<meta property=\"og:url\" content=\"https:\/\/lourdesunnouveausouffle.fr\/?page_id=541\" \/>\n<meta property=\"og:site_name\" content=\"Lourdes un nouveau souffle\" \/>\n<meta property=\"article:modified_time\" content=\"2026-03-18T14:12:42+00:00\" \/>\n<meta property=\"og:image\" content=\"https:\/\/lourdesunnouveausouffle.fr\/wp-content\/uploads\/2025\/11\/Logo-PNG.png\" \/>\n\t<meta property=\"og:image:width\" content=\"741\" \/>\n\t<meta property=\"og:image:height\" content=\"808\" \/>\n\t<meta property=\"og:image:type\" content=\"image\/png\" \/>\n<meta name=\"twitter:card\" content=\"summary_large_image\" \/>\n<meta name=\"twitter:label1\" content=\"Dur\u00e9e de lecture estim\u00e9e\" \/>\n\t<meta name=\"twitter:data1\" content=\"2 minutes\" \/>\n<script type=\"application\/ld+json\" class=\"yoast-schema-graph\">{\"@context\":\"https:\\\/\\\/schema.org\",\"@graph\":[{\"@type\":\"WebPage\",\"@id\":\"https:\\\/\\\/lourdesunnouveausouffle.fr\\\/?page_id=541\",\"url\":\"https:\\\/\\\/lourdesunnouveausouffle.fr\\\/?page_id=541\",\"name\":\"Page de maintenance - Lourdes un nouveau souffle\",\"isPartOf\":{\"@id\":\"https:\\\/\\\/lourdesunnouveausouffle.fr\\\/#website\"},\"primaryImageOfPage\":{\"@id\":\"https:\\\/\\\/lourdesunnouveausouffle.fr\\\/?page_id=541#primaryimage\"},\"image\":{\"@id\":\"https:\\\/\\\/lourdesunnouveausouffle.fr\\\/?page_id=541#primaryimage\"},\"thumbnailUrl\":\"https:\\\/\\\/lourdesunnouveausouffle.fr\\\/wp-content\\\/uploads\\\/2025\\\/11\\\/Logo-PNG.png\",\"datePublished\":\"2026-03-18T13:59:33+00:00\",\"dateModified\":\"2026-03-18T14:12:42+00:00\",\"breadcrumb\":{\"@id\":\"https:\\\/\\\/lourdesunnouveausouffle.fr\\\/?page_id=541#breadcrumb\"},\"inLanguage\":\"fr-FR\",\"potentialAction\":[{\"@type\":\"ReadAction\",\"target\":[\"https:\\\/\\\/lourdesunnouveausouffle.fr\\\/?page_id=541\"]}]},{\"@type\":\"ImageObject\",\"inLanguage\":\"fr-FR\",\"@id\":\"https:\\\/\\\/lourdesunnouveausouffle.fr\\\/?page_id=541#primaryimage\",\"url\":\"https:\\\/\\\/lourdesunnouveausouffle.fr\\\/wp-content\\\/uploads\\\/2025\\\/11\\\/Logo-PNG.png\",\"contentUrl\":\"https:\\\/\\\/lourdesunnouveausouffle.fr\\\/wp-content\\\/uploads\\\/2025\\\/11\\\/Logo-PNG.png\",\"width\":741,\"height\":808},{\"@type\":\"BreadcrumbList\",\"@id\":\"https:\\\/\\\/lourdesunnouveausouffle.fr\\\/?page_id=541#breadcrumb\",\"itemListElement\":[{\"@type\":\"ListItem\",\"position\":1,\"name\":\"Accueil\",\"item\":\"https:\\\/\\\/lourdesunnouveausouffle.fr\\\/?page_id=541\"},{\"@type\":\"ListItem\",\"position\":2,\"name\":\"Page de maintenance\"}]},{\"@type\":\"WebSite\",\"@id\":\"https:\\\/\\\/lourdesunnouveausouffle.fr\\\/#website\",\"url\":\"https:\\\/\\\/lourdesunnouveausouffle.fr\\\/\",\"name\":\"Lourdes un nouveau souffle\",\"description\":\"Lourdes un nouveau souffle\",\"publisher\":{\"@id\":\"https:\\\/\\\/lourdesunnouveausouffle.fr\\\/#organization\"},\"potentialAction\":[{\"@type\":\"SearchAction\",\"target\":{\"@type\":\"EntryPoint\",\"urlTemplate\":\"https:\\\/\\\/lourdesunnouveausouffle.fr\\\/?s={search_term_string}\"},\"query-input\":{\"@type\":\"PropertyValueSpecification\",\"valueRequired\":true,\"valueName\":\"search_term_string\"}}],\"inLanguage\":\"fr-FR\"},{\"@type\":\"Organization\",\"@id\":\"https:\\\/\\\/lourdesunnouveausouffle.fr\\\/#organization\",\"name\":\"Lourdes un nouveau souffle\",\"url\":\"https:\\\/\\\/lourdesunnouveausouffle.fr\\\/\",\"logo\":{\"@type\":\"ImageObject\",\"inLanguage\":\"fr-FR\",\"@id\":\"https:\\\/\\\/lourdesunnouveausouffle.fr\\\/#\\\/schema\\\/logo\\\/image\\\/\",\"url\":\"https:\\\/\\\/lourdesunnouveausouffle.fr\\\/wp-content\\\/uploads\\\/2025\\\/11\\\/ChatGPT-Image-9-nov.-2025-18_49_25.png\",\"contentUrl\":\"https:\\\/\\\/lourdesunnouveausouffle.fr\\\/wp-content\\\/uploads\\\/2025\\\/11\\\/ChatGPT-Image-9-nov.-2025-18_49_25.png\",\"width\":1024,\"height\":1024,\"caption\":\"Lourdes un nouveau souffle\"},\"image\":{\"@id\":\"https:\\\/\\\/lourdesunnouveausouffle.fr\\\/#\\\/schema\\\/logo\\\/image\\\/\"}}]}<\/script>\n<!-- \/ Yoast SEO plugin. -->","yoast_head_json":{"title":"Page de maintenance - Lourdes un nouveau souffle","robots":{"index":"index","follow":"follow","max-snippet":"max-snippet:-1","max-image-preview":"max-image-preview:large","max-video-preview":"max-video-preview:-1"},"canonical":"https:\/\/lourdesunnouveausouffle.fr\/?page_id=541","og_locale":"fr_FR","og_type":"article","og_title":"Page de maintenance - Lourdes un nouveau souffle","og_url":"https:\/\/lourdesunnouveausouffle.fr\/?page_id=541","og_site_name":"Lourdes un nouveau souffle","article_modified_time":"2026-03-18T14:12:42+00:00","og_image":[{"width":741,"height":808,"url":"https:\/\/lourdesunnouveausouffle.fr\/wp-content\/uploads\/2025\/11\/Logo-PNG.png","type":"image\/png"}],"twitter_card":"summary_large_image","twitter_misc":{"Dur\u00e9e de lecture estim\u00e9e":"2 minutes"},"schema":{"@context":"https:\/\/schema.org","@graph":[{"@type":"WebPage","@id":"https:\/\/lourdesunnouveausouffle.fr\/?page_id=541","url":"https:\/\/lourdesunnouveausouffle.fr\/?page_id=541","name":"Page de maintenance - Lourdes un nouveau souffle","isPartOf":{"@id":"https:\/\/lourdesunnouveausouffle.fr\/#website"},"primaryImageOfPage":{"@id":"https:\/\/lourdesunnouveausouffle.fr\/?page_id=541#primaryimage"},"image":{"@id":"https:\/\/lourdesunnouveausouffle.fr\/?page_id=541#primaryimage"},"thumbnailUrl":"https:\/\/lourdesunnouveausouffle.fr\/wp-content\/uploads\/2025\/11\/Logo-PNG.png","datePublished":"2026-03-18T13:59:33+00:00","dateModified":"2026-03-18T14:12:42+00:00","breadcrumb":{"@id":"https:\/\/lourdesunnouveausouffle.fr\/?page_id=541#breadcrumb"},"inLanguage":"fr-FR","potentialAction":[{"@type":"ReadAction","target":["https:\/\/lourdesunnouveausouffle.fr\/?page_id=541"]}]},{"@type":"ImageObject","inLanguage":"fr-FR","@id":"https:\/\/lourdesunnouveausouffle.fr\/?page_id=541#primaryimage","url":"https:\/\/lourdesunnouveausouffle.fr\/wp-content\/uploads\/2025\/11\/Logo-PNG.png","contentUrl":"https:\/\/lourdesunnouveausouffle.fr\/wp-content\/uploads\/2025\/11\/Logo-PNG.png","width":741,"height":808},{"@type":"BreadcrumbList","@id":"https:\/\/lourdesunnouveausouffle.fr\/?page_id=541#breadcrumb","itemListElement":[{"@type":"ListItem","position":1,"name":"Accueil","item":"https:\/\/lourdesunnouveausouffle.fr\/?page_id=541"},{"@type":"ListItem","position":2,"name":"Page de maintenance"}]},{"@type":"WebSite","@id":"https:\/\/lourdesunnouveausouffle.fr\/#website","url":"https:\/\/lourdesunnouveausouffle.fr\/","name":"Lourdes un nouveau souffle","description":"Lourdes un nouveau souffle","publisher":{"@id":"https:\/\/lourdesunnouveausouffle.fr\/#organization"},"potentialAction":[{"@type":"SearchAction","target":{"@type":"EntryPoint","urlTemplate":"https:\/\/lourdesunnouveausouffle.fr\/?s={search_term_string}"},"query-input":{"@type":"PropertyValueSpecification","valueRequired":true,"valueName":"search_term_string"}}],"inLanguage":"fr-FR"},{"@type":"Organization","@id":"https:\/\/lourdesunnouveausouffle.fr\/#organization","name":"Lourdes un nouveau souffle","url":"https:\/\/lourdesunnouveausouffle.fr\/","logo":{"@type":"ImageObject","inLanguage":"fr-FR","@id":"https:\/\/lourdesunnouveausouffle.fr\/#\/schema\/logo\/image\/","url":"https:\/\/lourdesunnouveausouffle.fr\/wp-content\/uploads\/2025\/11\/ChatGPT-Image-9-nov.-2025-18_49_25.png","contentUrl":"https:\/\/lourdesunnouveausouffle.fr\/wp-content\/uploads\/2025\/11\/ChatGPT-Image-9-nov.-2025-18_49_25.png","width":1024,"height":1024,"caption":"Lourdes un nouveau souffle"},"image":{"@id":"https:\/\/lourdesunnouveausouffle.fr\/#\/schema\/logo\/image\/"}}]}},"jetpack_sharing_enabled":true,"_links":{"self":[{"href":"https:\/\/lourdesunnouveausouffle.fr\/index.php?rest_route=\/wp\/v2\/pages\/541","targetHints":{"allow":["GET"]}}],"collection":[{"href":"https:\/\/lourdesunnouveausouffle.fr\/index.php?rest_route=\/wp\/v2\/pages"}],"about":[{"href":"https:\/\/lourdesunnouveausouffle.fr\/index.php?rest_route=\/wp\/v2\/types\/page"}],"author":[{"embeddable":true,"href":"https:\/\/lourdesunnouveausouffle.fr\/index.php?rest_route=\/wp\/v2\/users\/1"}],"replies":[{"embeddable":true,"href":"https:\/\/lourdesunnouveausouffle.fr\/index.php?rest_route=%2Fwp%2Fv2%2Fcomments&post=541"}],"version-history":[{"count":6,"href":"https:\/\/lourdesunnouveausouffle.fr\/index.php?rest_route=\/wp\/v2\/pages\/541\/revisions"}],"predecessor-version":[{"id":552,"href":"https:\/\/lourdesunnouveausouffle.fr\/index.php?rest_route=\/wp\/v2\/pages\/541\/revisions\/552"}],"wp:attachment":[{"href":"https:\/\/lourdesunnouveausouffle.fr\/index.php?rest_route=%2Fwp%2Fv2%2Fmedia&parent=541"}],"curies":[{"name":"wp","href":"https:\/\/api.w.org\/{rel}","templated":true}]}}